{"id":40209,"date":"2024-08-09T09:59:14","date_gmt":"2024-08-09T12:59:14","guid":{"rendered":"https:\/\/www.senna.com\/?page_id=40209"},"modified":"2024-11-24T20:42:10","modified_gmt":"2024-11-24T23:42:10","slug":"homenagem-a-ayrton-senna-nas-estacoes-da-cptm-ganha-obras-ineditas","status":"publish","type":"page","link":"https:\/\/www.senna.com\/en\/homenagem-a-ayrton-senna-nas-estacoes-da-cptm-ganha-obras-ineditas\/","title":{"rendered":"Homenagem a Ayrton Senna nas esta\u00e7\u00f5es da CPTM ganha obras in\u00e9ditas"},"content":{"rendered":"<p class=\"has-medium-font-size\">A Companhia Paulista de Trens Metropolitanos (CPTM), em parceria com a Senna Brands, entrega a segunda pintura do ciclo de homenagens a Ayrton Senna. Os dois grafites que trazem elementos referentes \u00e0 vida e a carreira do piloto t\u00eam metragem de 35m\u00b2 e 90m\u00b2, totalizando 125m\u00b2 de ocupa\u00e7\u00e3o de muros da Esta\u00e7\u00e3o Guaianases. As pinturas foram criadas pelo artista brasileiro <a href=\"https:\/\/www.instagram.com\/digitalorganico\/\" target=\"_blank\" rel=\"noopener\" title=\"\">Jo\u00e3o Paulo Cobra<\/a>, conhecido como &#8220;NOVE&#8221;.<\/p>\n\n\n\n<p class=\"has-medium-font-size\">Um painel menor que recebeu o t\u00edtulo de \u201cOlhar Distante\u201d significa uma releitura da concentra\u00e7\u00e3o e conex\u00e3o do piloto momentos antes de cada corrida. J\u00e1 a maior obra recebeu o nome de \u201cCorrida nas Estrelas&#8221;, em reconhecimento ao legado de Senna.<\/p>\n\n\n\n<figure class=\"wp-block-gallery has-nested-images columns-default is-cropped wp-block-gallery-1 is-layout-flex wp-block-gallery-is-layout-flex\">\n<figure class=\"wp-block-image size-large\"><img loading=\"lazy\" decoding=\"async\" width=\"1024\" height=\"768\" data-id=\"35287\" src=\"https:\/\/www.senna.com\/wp-content\/uploads\/2024\/08\/CPTM_3-scaled-2-1024x768.jpg\" alt=\"\" class=\"wp-image-35287\" srcset=\"https:\/\/www.senna.com\/wp-content\/uploads\/2024\/08\/CPTM_3-scaled-2-1024x768.jpg 1024w, https:\/\/www.senna.com\/wp-content\/uploads\/2024\/08\/CPTM_3-scaled-2-300x225.jpg 300w, https:\/\/www.senna.com\/wp-content\/uploads\/2024\/08\/CPTM_3-scaled-2-768x576.jpg 768w, https:\/\/www.senna.com\/wp-content\/uploads\/2024\/08\/CPTM_3-scaled-2-1536x1152.jpg 1536w, https:\/\/www.senna.com\/wp-content\/uploads\/2024\/08\/CPTM_3-scaled-2-2048x1536.jpg 2048w\" sizes=\"auto, (max-width: 1024px) 100vw, 1024px\" \/><\/figure>\n\n\n\n<figure class=\"wp-block-image size-large\"><img loading=\"lazy\" decoding=\"async\" width=\"1024\" height=\"768\" data-id=\"35286\" src=\"https:\/\/www.senna.com\/wp-content\/uploads\/2024\/08\/CPTM_2-scaled-2-1024x768.jpg\" alt=\"\" class=\"wp-image-35286\" srcset=\"https:\/\/www.senna.com\/wp-content\/uploads\/2024\/08\/CPTM_2-scaled-2-1024x768.jpg 1024w, https:\/\/www.senna.com\/wp-content\/uploads\/2024\/08\/CPTM_2-scaled-2-300x225.jpg 300w, https:\/\/www.senna.com\/wp-content\/uploads\/2024\/08\/CPTM_2-scaled-2-768x576.jpg 768w, https:\/\/www.senna.com\/wp-content\/uploads\/2024\/08\/CPTM_2-scaled-2-1536x1152.jpg 1536w, https:\/\/www.senna.com\/wp-content\/uploads\/2024\/08\/CPTM_2-scaled-2-2048x1536.jpg 2048w\" sizes=\"auto, (max-width: 1024px) 100vw, 1024px\" \/><\/figure>\n<\/figure>\n\n\n\n<p class=\"has-medium-font-size\">A trajet\u00f3ria nas pistas e a hist\u00f3ria de vida do piloto serviram de inspira\u00e7\u00e3o para as cria\u00e7\u00f5es, realizadas com recursos do projeto Museu de Arte de Rua (MAR).<\/p>\n\n\n\n<p class=\"has-medium-font-size\">\u201cAyrton Senna inspirou e continua inspirando gera\u00e7\u00f5es com sua hist\u00f3ria de vida e conquistas nas pistas. Seu legado \u00e9 um patrim\u00f4nio que merece ser lembrado e celebrado\u201d, afirmou <strong>Ana Caroline de Faria Eduardo Borges<\/strong>, presidente interina da CPTM. \u201cQueremos oferecer uma experi\u00eancia significativa e inspiradora, destacando a import\u00e2ncia do Ayrton Senna como um exemplo de determina\u00e7\u00e3o, coragem e paix\u00e3o\u201d, concluiu.<\/p>\n\n\n\n<p class=\"has-medium-font-size\">Esta \u00e9 a segunda interven\u00e7\u00e3o art\u00edstica em homenagem ao piloto brasileiro. <a href=\"https:\/\/www.senna.com\/cptm-celebra-legado-de-ayrton-senna-com-intervencoes-artisticas-em-diversas-estacoes\/\" target=\"_blank\" rel=\"noopener\" title=\"\">Em maio, o argentino Santiago Panichelli pintou um mural de 100 m\u00b2 na Esta\u00e7\u00e3o Br\u00e1s dedicado especialmente a Senna<\/a>.<\/p>\n\n\n\n<p class=\"has-medium-font-size\">At\u00e9 novembro, as cinco linhas da CPTM e suas esta\u00e7\u00f5es ser\u00e3o palco de diversas a\u00e7\u00f5es para celebrar os 30 anos do legado de um dos maiores \u00eddolos do Brasil e do mundo.<\/p>\n\n\n\n<figure class=\"wp-block-image size-large\"><img loading=\"lazy\" decoding=\"async\" width=\"1024\" height=\"256\" src=\"https:\/\/www.senna.com\/wp-content\/uploads\/2024\/03\/capa-linkedIn-30-anos-1-1024x256.png\" alt=\"30 anos\" class=\"wp-image-32213\" srcset=\"https:\/\/www.senna.com\/wp-content\/uploads\/2024\/03\/capa-linkedIn-30-anos-1-1024x256.png 1024w, https:\/\/www.senna.com\/wp-content\/uploads\/2024\/03\/capa-linkedIn-30-anos-1-300x75.png 300w, https:\/\/www.senna.com\/wp-content\/uploads\/2024\/03\/capa-linkedIn-30-anos-1-768x192.png 768w, https:\/\/www.senna.com\/wp-content\/uploads\/2024\/03\/capa-linkedIn-30-anos-1-1536x384.png 1536w, https:\/\/www.senna.com\/wp-content\/uploads\/2024\/03\/capa-linkedIn-30-anos-1.png 1584w\" sizes=\"auto, (max-width: 1024px) 100vw, 1024px\" \/><\/figure>","protected":false},"excerpt":{"rendered":"<p>A Companhia Paulista de Trens Metropolitanos (CPTM), em parceria com a Senna Brands, entrega a segunda pintura do ciclo de homenagens a Ayrton Senna. Os dois grafites que trazem elementos referentes \u00e0 vida e a carreira do piloto t\u00eam metragem de 35m\u00b2 e 90m\u00b2, totalizando 125m\u00b2 de ocupa\u00e7\u00e3o de muros da Esta\u00e7\u00e3o Guaianases. As pinturas [&hellip;]<\/p>","protected":false},"author":1,"featured_media":35288,"parent":0,"menu_order":3,"comment_status":"closed","ping_status":"closed","template":"","meta":{"footnotes":""},"tipo-de-pagina":[],"class_list":["post-40209","page","type-page","status-publish","has-post-thumbnail","hentry"],"_links":{"self":[{"href":"https:\/\/www.senna.com\/en\/wp-json\/wp\/v2\/pages\/40209","targetHints":{"allow":["GET"]}}],"collection":[{"href":"https:\/\/www.senna.com\/en\/wp-json\/wp\/v2\/pages"}],"about":[{"href":"https:\/\/www.senna.com\/en\/wp-json\/wp\/v2\/types\/page"}],"author":[{"embeddable":true,"href":"https:\/\/www.senna.com\/en\/wp-json\/wp\/v2\/users\/1"}],"replies":[{"embeddable":true,"href":"https:\/\/www.senna.com\/en\/wp-json\/wp\/v2\/comments?post=40209"}],"version-history":[{"count":0,"href":"https:\/\/www.senna.com\/en\/wp-json\/wp\/v2\/pages\/40209\/revisions"}],"wp:featuredmedia":[{"embeddable":true,"href":"https:\/\/www.senna.com\/en\/wp-json\/wp\/v2\/media\/35288"}],"wp:attachment":[{"href":"https:\/\/www.senna.com\/en\/wp-json\/wp\/v2\/media?parent=40209"}],"wp:term":[{"taxonomy":"tipo-de-pagina","embeddable":true,"href":"https:\/\/www.senna.com\/en\/wp-json\/wp\/v2\/tipo-de-pagina?post=40209"}],"curies":[{"name":"wp","href":"https:\/\/api.w.org\/{rel}","templated":true}]}}